{"id":14,"date":"2026-04-30T14:35:37","date_gmt":"2026-04-30T13:35:37","guid":{"rendered":"http:\/\/idcfa.usm.md\/?page_id=14"},"modified":"2026-04-30T14:35:37","modified_gmt":"2026-04-30T13:35:37","slug":"despre","status":"publish","type":"page","link":"https:\/\/idcfa.usm.md\/?page_id=14","title":{"rendered":"Despre"},"content":{"rendered":"<p style=\"text-align: justify;\">Studii \u0219tiin\u021bifice \u00een domeniul fizicii efectuate \u00een cadrul filialei Moldovene\u0219ti a Academiei de \u0218tiin\u021be a fostei URSS au \u00eenceput a fi efectuate pentru prima dat\u0103 \u00een Sec\u021bia de Fizic\u0103 \u0219i Matematic\u0103 (f. 1957, sub conducerea lui T. Malinovschi, viitor academician al Academiei de \u0218tiin\u021be a Moldovei) \u0219i \u00een Laboratorul de Fizic\u0103 \u0219i Chimie a Semiconductorilor (f. 1960, sub conducerea lui S. R\u0103d\u0103u\u021ban, de asemenea viitor academician al Academiei de \u0218tiin\u021be a Moldovei).<\/p>\n<p style=\"text-align: justify;\">\u0218tiin\u021bele tehnice s-au format \u00een cadrul Sec\u021biei de Electrificare a Gospod\u0103riei S\u0103te\u0219ti (f. 1955, primul director -. dr. N. Romanenko) al filialei Moldovene\u0219ti a Academiei de \u0218tiin\u021be a URSS, mai t\u00e2rziu transformat\u0103 \u00een Sec\u021bia de Cibernetic\u0103 Energetic\u0103 (f. 1958, director \u2013 G. Ceal\u00eei, viitor membru corespondent A\u0218M). Pe baza aceasteia, odat\u0103 cu formarea Academiei de \u0218tiin\u021be a Moldovei a fost format Institutul de Energetic\u0103 \u0219i Automatic\u0103 (f. 1961, director \u2013 academicianul B. Lazarenko), mai apoi reorganizat \u00een Institutul pentru Probleme Electrofizice (f. 1963).<\/p>\n<p style=\"text-align: justify;\">Institutul de Fizic\u0103 Aplicat\u0103 (IFA) a fost \u00eenfiin\u021bat \u00een 1964 \u00een rezultatul unirii laboratoarelor cu profil de fizic\u0103 ale Institutului de Fizic\u0103 \u0219i Matematic\u0103 \u0219i a laboratoarelor cu profil tehnic ale Institutului de Energetic\u0103 \u0219i Automatic\u0103. Primul director al Institutului a fost academicianul Boris Lazarenco, laureat al premiului de stat al URSS, vice-pre\u0219edinte al A\u0218M, fondatorul Uzinei Experimentale a IFA \u0219i a Biroului Specializat de Construc\u021bie \u0219i Tehnologie \u00een domeniul electronicii. \u00cen anii 70-80 ai secolului XX Uzina Experimental\u0103 a IFA a fost monopolist \u00een URSS \u00een producerea instala\u021biilor de prelucrare a metalelor prin electroeroziune, elaborate \u00een acea perioad\u0103 exclusiv \u00een IFA.<\/p>\n<p style=\"text-align: justify;\">\u00cen anii 90 ai secolului trecut, \u00een baza unor subunit\u0103\u021bi ale institutului, au fost formate dou\u0103 centre de cercetare independente, cu statut de institu\u021bii \u0219tiin\u021bifice:<\/p>\n<ul style=\"text-align: justify;\">\n<li>Centrul Laboratorul Interna\u021bional de Supraconductibilitate \u0219i Electronica Solidului,<\/li>\n<li>Centrul de Optoelectronic\u0103,<\/li>\n<\/ul>\n<p style=\"text-align: justify;\">care, \u00eempreun\u0103 cu Institutul de Fizic\u0103 Aplicat\u0103 (\u00een componen\u021ba c\u0103ruia intrau Centrul \u0218tiin\u021ba Materialelor, Centrul Probleme Electrofizice \u0219i Centrul Fizica Teoretic\u0103) \u0219i \u00eempreun\u0103 cu Biroul Specializat de Construc\u021bii \u0219i Tehnologii reprezintau institu\u021biile cu profil de fizic\u0103 \u0219i tehnic\u0103 ale Academiei de \u0218tiin\u021be a Moldovei.<\/p>\n<p style=\"text-align: justify;\">\u00cen anul 2006 \u00een componen\u021ba Institutului de Fizic\u0103 Aplicat\u0103 au reintrat Centrul de Optoelectronic\u0103 \u0219i dou\u0103 laboratoare ale Centrului: Laboratorul Interna\u021bional de Supraconductibilitate \u0219i Electronica Solidului.<\/p>\n<p style=\"text-align: justify;\">Din anul 2018 Institutul de Fizic\u0103 Aplicat\u0103 are un nou fondator, trec\u00e2nd din jurisdic\u021bia Academiei de \u0218tiin\u021be a Moldovei la Ministerul Educa\u021biei, Culturii \u0219i Cercet\u0103rii al Republicii Moldova, iar din anul 2021 \u00een jurisdic\u021bia ministerului Educa\u021biei \u0219i Cercet\u0103rii.<\/p>\n<p style=\"text-align: justify;\">Timp de peste 40 de ani IFA, fiind singura institu\u021bie \u0219tiin\u021bific\u0103 din RM \u00een domeniul fizicii, a adus un aport deosebit \u00een dezvoltarea \u0219tiin\u021bei \u0219i culturii Republicii Moldova.<\/p>\n<p style=\"text-align: justify;\">IFA este cunoscut comunit\u0103\u021bii \u0219tiin\u021bifice mondiale prin cercet\u0103rile sale fundamentale \u0219i aplicative. \u00cen cadrul Institutului s-au format \u0219i \u0219coli \u0219tiin\u021bifice \u00een a\u0219a domenii ca:\u00a0<em>cristalografie<\/em>\u00a0(acad. T. Malinovschi),\u00a0<em>electrochimie<\/em>\u00a0(acad. Iu. Petrov),\u00a0<em>fizica materialelor semiconductoare<\/em>\u00a0(acad. S. R\u0103d\u0103u\u021ban),\u00a0<em>fizica cinetic\u0103<\/em>\u00a0(acad. V. Covarschi),<em>\u00a0fizica materialelor necristaline<\/em>\u00a0(acad. A. Andrie\u0219). Institutul nostru se m\u00e2ndre\u0219te \u0219i de \u0219colile \u0219tiin\u021bifice ale acad. S. Moscalenco \u0219i acad. V. Moscalenco \u00een domeniul\u00a0<em>teoriei corpului solid<\/em>\u00a0\u0219i a\u00a0<em>fizicii nucleare<\/em>,\u00a0 a acad. M. Bologa \u00een domeniul\u00a0<em>intensific\u0103rii transferului de c\u0103ldur\u0103 \u0219i mas\u0103<\/em>, a acad. A. Sima\u0219chevici \u00een domeniul\u00a0<em>materialelor semiconductoare II-VI \u0219i al heterostructurilor \u00een baza lor<\/em>; a acad. L. Culiuc \u00een domeniul\u00a0<em>fizicii semiconductorilor<\/em>; a acad. E.Aru\u0219anov \u00een domeniul\u00a0<em>materialelor semiconductoare pentru fotovoltaic\u0103<\/em>, a m. cor. A. Dicusar \u00een domeniul\u00a0<em>prelucr\u0103rii electrofizice \u0219i electrochimice materialelor<\/em>.<\/p>\n","protected":false},"excerpt":{"rendered":"<p>Studii \u0219tiin\u021bifice \u00een domeniul fizicii efectuate \u00een cadrul filialei Moldovene\u0219ti a Academiei de \u0218tiin\u021be a fostei URSS au \u00eenceput a fi efectuate pentru prima dat\u0103 \u00een Sec\u021bia de Fizic\u0103 \u0219i Matematic\u0103 (f. 1957, sub conducerea lui T. Malinovschi, viitor academician al Academiei de \u0218tiin\u021be a Moldovei) \u0219i \u00een Laboratorul de Fizic\u0103 \u0219i Chimie a Semiconductorilor [&hellip;]<\/p>\n","protected":false},"author":1,"featured_media":0,"parent":0,"menu_order":0,"comment_status":"closed","ping_status":"closed","template":"","meta":{"footnotes":""},"class_list":["post-14","page","type-page","status-publish","hentry"],"_links":{"self":[{"href":"https:\/\/idcfa.usm.md\/index.php?rest_route=\/wp\/v2\/pages\/14","targetHints":{"allow":["GET"]}}],"collection":[{"href":"https:\/\/idcfa.usm.md\/index.php?rest_route=\/wp\/v2\/pages"}],"about":[{"href":"https:\/\/idcfa.usm.md\/index.php?rest_route=\/wp\/v2\/types\/page"}],"author":[{"embeddable":true,"href":"https:\/\/idcfa.usm.md\/index.php?rest_route=\/wp\/v2\/users\/1"}],"replies":[{"embeddable":true,"href":"https:\/\/idcfa.usm.md\/index.php?rest_route=%2Fwp%2Fv2%2Fcomments&post=14"}],"version-history":[{"count":1,"href":"https:\/\/idcfa.usm.md\/index.php?rest_route=\/wp\/v2\/pages\/14\/revisions"}],"predecessor-version":[{"id":15,"href":"https:\/\/idcfa.usm.md\/index.php?rest_route=\/wp\/v2\/pages\/14\/revisions\/15"}],"wp:attachment":[{"href":"https:\/\/idcfa.usm.md\/index.php?rest_route=%2Fwp%2Fv2%2Fmedia&parent=14"}],"curies":[{"name":"wp","href":"https:\/\/api.w.org\/{rel}","templated":true}]}}